{"id":1487,"date":"2021-02-20T11:24:01","date_gmt":"2021-02-20T10:24:01","guid":{"rendered":"https:\/\/comandulli.it\/privacy-policy\/informativa-cookies\/"},"modified":"2025-02-16T12:48:16","modified_gmt":"2025-02-16T11:48:16","slug":"informativa-cookies","status":"publish","type":"page","link":"https:\/\/comandulli.it\/de\/agb\/informativa-cookies\/","title":{"rendered":"Cookie-Richtlinie"},"content":{"rendered":"<p data-start=\"69\" data-end=\"92\"><strong data-start=\"69\" data-end=\"90\">COOKIE-RICHTLINIE<\/strong><\/p>\n<p data-start=\"94\" data-end=\"459\">Diese Website, im Eigentum von <strong data-start=\"125\" data-end=\"169\">Comandulli Costruzioni Meccaniche S.r.l.<\/strong>, die gem\u00e4\u00df der EU-Verordnung 2016\/679 (General Data Protection Regulation \u2013 GDPR) als Verantwortlicher f\u00fcr die Datenverarbeitung gilt, verwendet Cookies und \u00e4hnliche Technologien. Diese Richtlinie erl\u00e4utert, wie Cookies genutzt werden und wie Nutzer ihre Verwendung kontrollieren k\u00f6nnen.<\/p>\n<p data-start=\"461\" data-end=\"601\">Durch die Nutzung der Website erkl\u00e4rt sich der Besucher ausdr\u00fccklich mit der Verwendung von Cookies gem\u00e4\u00df dieser Richtlinie einverstanden.<\/p>\n<h3 data-start=\"603\" data-end=\"629\">1. Was sind Cookies?<\/h3>\n<p data-start=\"631\" data-end=\"1191\">Cookies sind Informationen, die auf der Festplatte des Nutzers gespeichert und vom Browser an einen Webserver \u00fcbermittelt werden. Sie erm\u00f6glichen es, besuchte Seiten, genutzte Dienste und Pr\u00e4ferenzen w\u00e4hrend der Internetnutzung zu erfassen. Kurz gesagt, Cookies sind kleine Dateien mit Buchstaben und Zahlen, die auf dem Computer oder mobilen Ger\u00e4t des Nutzers gespeichert werden, wenn eine Website besucht wird. Sie werden bei jedem weiteren Besuch entweder an die urspr\u00fcngliche Website oder an eine andere Website zur\u00fcckgesendet, die diese Cookies erkennt.<\/p>\n<p data-start=\"1193\" data-end=\"1545\">Cookies erf\u00fcllen verschiedene Funktionen: Sie erm\u00f6glichen eine effiziente Navigation zwischen Seiten, speichern Nutzerpr\u00e4ferenzen und verbessern die Nutzererfahrung insgesamt. Sie helfen zudem, Werbung relevanter zu gestalten und Marketingma\u00dfnahmen an die Interessen des Nutzers anzupassen, um unerw\u00fcnschte oder unpassende Werbeaktionen zu vermeiden.<\/p>\n<p data-start=\"1547\" data-end=\"1806\">W\u00e4hrend der Nutzung einer Website kann der Nutzer sowohl Cookies von dieser Website als auch von Drittanbietern erhalten (sogenannte \u201eDrittanbieter-Cookies\u201c), die Elemente wie Bilder, Karten, Sounds oder spezielle Links zu anderen Websites enthalten k\u00f6nnen.<\/p>\n<p data-start=\"1808\" data-end=\"1865\">Cookies lassen sich in folgende Kategorien unterteilen:<\/p>\n<ol data-start=\"1867\" data-end=\"2271\">\n<li data-start=\"1867\" data-end=\"2054\"><strong data-start=\"1870\" data-end=\"1894\">Erstanbieter-Cookies<\/strong> \u2013 direkt von dieser Website an das Ger\u00e4t des Nutzers gesendet. Diese Website verwendet keine Profiling-Cookies, sondern nur technische Cookies (siehe unten).<\/li>\n<li data-start=\"2055\" data-end=\"2271\"><strong data-start=\"2058\" data-end=\"2083\">Drittanbieter-Cookies<\/strong> \u2013 stammen von Dritten, werden aber f\u00fcr unsere Zwecke verwendet. Diese Website nutzt Drittanbieter-Cookies, um die Analyse und Nutzung der Website zu erleichtern (wie unten beschrieben).<\/li>\n<\/ol>\n<p data-start=\"2273\" data-end=\"2342\">Cookies lassen sich auch nach ihrem Verwendungszweck unterscheiden:<\/p>\n<ol data-start=\"2344\" data-end=\"3450\">\n<li data-start=\"2344\" data-end=\"3184\">\n<p data-start=\"2347\" data-end=\"2636\"><strong data-start=\"2347\" data-end=\"2369\">Technische Cookies<\/strong> \u2013 erm\u00f6glichen die \u00dcbertragung von Daten \u00fcber ein elektronisches Kommunikationsnetz oder die Bereitstellung eines ausdr\u00fccklich vom Nutzer angeforderten Dienstes. Sie dienen keinen weiteren Zwecken und erfordern keine Zustimmung des Nutzers. Diese Kategorie umfasst:<\/p>\n<ul data-start=\"2640\" data-end=\"3184\">\n<li data-start=\"2640\" data-end=\"2888\"><strong data-start=\"2642\" data-end=\"2680\">Navigations- oder Sitzungscookies:<\/strong> Erm\u00f6glichen eine normale Nutzung der Website (z. B. f\u00fcr die Anmeldung oder den Zugriff auf gesch\u00fctzte Bereiche). Sie werden nicht dauerhaft gespeichert und beim Schlie\u00dfen des Browsers automatisch gel\u00f6scht.<\/li>\n<li data-start=\"2892\" data-end=\"3017\"><strong data-start=\"2894\" data-end=\"2918\">Analytische Cookies:<\/strong> Erfassen anonymisierte, aggregierte Daten zur Anzahl der Besucher und deren Nutzung der Website.<\/li>\n<li data-start=\"3021\" data-end=\"3184\"><strong data-start=\"3023\" data-end=\"3045\">Funktions-Cookies:<\/strong> Erm\u00f6glichen das Speichern von Nutzerpr\u00e4ferenzen (z. B. Spracheinstellungen oder gew\u00e4hlte Dienste), um die Nutzererfahrung zu verbessern.<\/li>\n<\/ul>\n<\/li>\n<li data-start=\"3186\" data-end=\"3450\">\n<p data-start=\"3189\" data-end=\"3450\"><strong data-start=\"3189\" data-end=\"3210\">Profiling-Cookies<\/strong> \u2013 dienen der Erstellung eines Nutzerprofils und erm\u00f6glichen das Schalten gezielter Werbung basierend auf den w\u00e4hrend des Surfens ge\u00e4u\u00dferten Pr\u00e4ferenzen. Diese Cookies d\u00fcrfen nur mit ausdr\u00fccklicher Zustimmung des Nutzers verwendet werden.<\/p>\n<\/li>\n<\/ol>\n<h3 data-start=\"3452\" data-end=\"3485\">2. Zweck der Cookie-Nutzung<\/h3>\n<p data-start=\"3487\" data-end=\"3589\">Die folgende \u00dcbersicht zeigt, wie diese Website und Drittanbieter Cookies verwenden, einschlie\u00dflich:<\/p>\n<ul data-start=\"3591\" data-end=\"3900\">\n<li data-start=\"3591\" data-end=\"3758\"><strong data-start=\"3593\" data-end=\"3635\">Ermittlung der Gesamtzahl der Besucher<\/strong> sowie des verwendeten Browsertyps (z. B. Firefox, Safari, Internet Explorer) und Betriebssystems (z. B. Windows, macOS).<\/li>\n<li data-start=\"3759\" data-end=\"3900\"><strong data-start=\"3761\" data-end=\"3800\">\u00dcberwachung der Website-Performance<\/strong>, einschlie\u00dflich der Art und Weise, wie Besucher sie nutzen, um ihre Funktionalit\u00e4t zu verbessern.<\/li>\n<\/ul>\n<table class=\"t1\" cellspacing=\"0\" cellpadding=\"0\">\n<tbody>\n<tr>\n<td class=\"td1\" valign=\"middle\">\n<p class=\"p8\"><span class=\"s1\"><b>Arten von Cookies<\/b><\/span><\/p>\n<\/td>\n<td class=\"td2\" valign=\"middle\">\n<p class=\"p8\"><span class=\"s1\"><b>Zweck des Cookies<\/b><\/span><\/p>\n<\/td>\n<td class=\"td1\" valign=\"middle\">\n<p class=\"p8\"><span class=\"s1\"><b>Herkunft<\/b><\/span><\/p>\n<\/td>\n<\/tr>\n<tr>\n<td class=\"td3\" valign=\"top\">\n<p class=\"p9\"><span class=\"s1\">Essenzielle Website-Cookies (Sitzungs- und Navigationscookies)<\/span><\/p>\n<\/td>\n<td class=\"td4\" valign=\"top\">\n<p class=\"p9\">Diese Cookies sind f\u00fcr eine ordnungsgem\u00e4\u00dfe Navigation und die Nutzung der Funktionen der Website unerl\u00e4sslich. Sie sammeln keine personenbezogenen Daten zu Marketingzwecken und speichern keine besuchten Websites.Die Nutzung dieser Cookies (die nicht dauerhaft auf dem Ger\u00e4t des Nutzers gespeichert werden und automatisch beim Schlie\u00dfen des Browsers gel\u00f6scht werden) ist strikt auf die \u00dcbertragung von Sitzungskennungen beschr\u00e4nkt, die aus zuf\u00e4llig vom Server generierten Zahlen bestehen. Diese sind notwendig, um eine sichere und effiziente Nutzung der Website zu erm\u00f6glichen. Diese Kategorie von Cookies kann nicht deaktiviert werden.<\/p>\n<\/td>\n<td class=\"td3\" valign=\"top\">\n<p class=\"p9\"><span class=\"s1\">(cookie diretti)<\/span><\/p>\n<\/td>\n<\/tr>\n<tr>\n<td class=\"td5\" valign=\"top\">\n<p class=\"p9\"><span class=\"s1\">Direkte Funktions-Cookies<\/span><\/p>\n<\/td>\n<td class=\"td6\" valign=\"top\">\n<p class=\"p9\"><strong data-start=\"0\" data-end=\"92\">Diese Cookies erm\u00f6glichen es uns, die vom Nutzer getroffenen Entscheidungen zu speichern<\/strong> (z. B. Benutzername, Sprache oder geografische Position) und bieten erweiterte, personalisierte Funktionen.Die durch diese Cookies erfassten Informationen k\u00f6nnen anonymisiert werden und verfolgen keine Aktivit\u00e4ten auf anderen Websites. Diese Kategorie von Cookies kann nicht deaktiviert werden.<\/p>\n<\/td>\n<td class=\"td5\" valign=\"top\">\n<p class=\"p9\"><span class=\"s1\">(cookie diretti)<\/span><\/p>\n<\/td>\n<\/tr>\n<tr>\n<td class=\"td7\" valign=\"top\">\n<p class=\"p9\"><span class=\"s1\">Cookie Analyse<\/span><\/p>\n<\/td>\n<td class=\"td8\" valign=\"top\">\n<p class=\"p9\">Diese Cookies, einschlie\u00dflich Cache-Cookies, werden von <strong data-start=\"56\" data-end=\"76\">Google Analytics<\/strong> gesetzt und dienen dazu, Informationen dar\u00fcber zu sammeln, wie Besucher die Website nutzen. Dazu geh\u00f6ren die Anzahl der Besucher, die Herkunft der Besucher sowie die auf unserer Website aufgerufenen Seiten.<\/p>\n<p data-start=\"287\" data-end=\"587\">Wir verwenden diese Informationen, um Berichte zu erstellen und unsere Website zu verbessern. Dies hilft uns beispielsweise, Fehler zu identifizieren, die von Nutzern festgestellt wurden, und eine optimierte Navigation zu gew\u00e4hrleisten, damit Besucher schnell und einfach finden, wonach sie suchen.<\/p>\n<p data-start=\"589\" data-end=\"698\" data-is-last-node=\"\">In der Regel bleiben diese Cookies auf dem Computer des Nutzers gespeichert, bis sie manuell gel\u00f6scht werden.<\/p>\n<\/td>\n<td class=\"td7\" valign=\"top\">\n<p class=\"p11\"><span class=\"s4\"><b>Google Analytics <\/b><a href=\"http:\/\/www.google.com\/intl\/it\/policies\/privacy\/\"><span class=\"s5\">privacy policy cookie<\/span><\/a><\/span><\/p>\n<\/td>\n<\/tr>\n<tr>\n<td class=\"td9\" valign=\"top\">\n<p class=\"p9\"><span class=\"s1\">Drittanbieter-Navigations-Cookies<\/span><\/p>\n<\/td>\n<td class=\"td10\" valign=\"top\">\n<p class=\"p9\">Die Website verwendet:<\/p>\n<ul data-start=\"26\" data-end=\"462\" data-is-last-node=\"\">\n<li data-start=\"26\" data-end=\"286\">\n<p data-start=\"28\" data-end=\"286\"><strong data-start=\"28\" data-end=\"57\">DisplayDivasCookiesBanner<\/strong>: Ein <strong data-start=\"63\" data-end=\"99\">technisches, persistentes Cookie<\/strong> mit einer Laufzeit von <strong data-start=\"123\" data-end=\"135\">30 Tagen<\/strong> (bleibt f\u00fcr 30 Tage auf Ihrem Computer oder mobilen Ger\u00e4t gespeichert). Es speichert Ihre Zustimmung zur Verwendung von Cookies auf unserer Website.<\/p>\n<\/li>\n<li data-start=\"288\" data-end=\"462\" data-is-last-node=\"\">\n<p data-start=\"290\" data-end=\"462\" data-is-last-node=\"\"><strong data-start=\"290\" data-end=\"314\">icl_current_language<\/strong>: Ein <strong data-start=\"320\" data-end=\"350\">technisches Sitzungscookie<\/strong> (wird automatisch beim Schlie\u00dfen des Browsers gel\u00f6scht), das die gew\u00e4hlte Anzeigesprache der Website speichert.<\/p>\n<\/li>\n<\/ul>\n<\/td>\n<td class=\"td9\" valign=\"top\"><\/td>\n<\/tr>\n<tr>\n<td class=\"td11\" valign=\"top\">\n<p class=\"p9\"><span class=\"s1\">Drittanbieter-Werbe-Cookies<\/span><\/p>\n<\/td>\n<td class=\"td12\" valign=\"top\">\n<p class=\"p9\">Ebenso k\u00f6nnen <strong data-start=\"14\" data-end=\"66\">Facebook, Twitter, LinkedIn, Google+ und YouTube<\/strong> Cookies verwenden, die das Teilen von Inhalten in sozialen Netzwerken oder die Erstellung von Zugriffsstatistiken erm\u00f6glichen. <strong data-start=\"194\" data-end=\"236\">Editoriale La Voce Societ\u00e0 Cooperativa<\/strong> nutzt diese Cookies nicht f\u00fcr die Profilerstellung der Nutzer.<\/p>\n<p data-start=\"303\" data-end=\"552\">Dar\u00fcber hinaus k\u00f6nnen <strong data-start=\"325\" data-end=\"342\">Drittanbieter<\/strong> diese Informationen mit bereits vorhandenen Daten kombinieren und f\u00fcr andere Zwecke als rein technische (wie Funktionalit\u00e4ts- oder Sitzungs-Cookies) verwenden, sofern der Nutzer seine Zustimmung erteilt hat.<\/p>\n<p data-start=\"554\" data-end=\"801\" data-is-last-node=\"\">Weitere Informationen dazu finden Sie in den <strong data-start=\"599\" data-end=\"625\">Datenschutzrichtlinien<\/strong> der jeweiligen Drittanbieter. Dort k\u00f6nnen Sie Ihre Optionen verwalten, indem Sie den bereitgestellten Links folgen oder die Einstellungen Ihres Browsers entsprechend anpassen.<\/p>\n<\/td>\n<td class=\"td11\" valign=\"top\">\n<p class=\"p11\"><span class=\"s4\"><b>Facebook<\/b>\u00a0<a href=\"https:\/\/it-it.facebook.com\/help\/cookies\/?ref=sitefooter\"><span class=\"s5\">privacy policy cookie<\/span><\/a> <\/span><\/p>\n<p class=\"p11\"><span class=\"s4\"><b>Twitter<\/b> <a href=\"https:\/\/support.twitter.com\/articles\/20170519-uso-dei-cookie-e-di-altre-tecnologie-simili-da-parte-di-twitter\"><span class=\"s5\">privacy policy cookie<\/span><\/a><\/span><\/p>\n<p class=\"p11\"><span class=\"s4\"><b>LinkedIn<\/b> <a href=\"https:\/\/www.linkedin.com\/legal\/cookie-policy\"><span class=\"s6\">privacy policy cookie<\/span><\/a><\/span><\/p>\n<p class=\"p11\"><span class=\"s4\"><b>Google+ <\/b><a href=\"https:\/\/www.google.com\/intl\/it\/policies\/technologies\/cookies\/\"><span class=\"s5\">privacy policy cookie<\/span><\/a><\/span><\/p>\n<p class=\"p11\"><span class=\"s4\"><b>Youtube <\/b><a href=\"https:\/\/www.google.it\/intl\/it\/policies\/privacy\/\"><span class=\"s5\">privacy policy cookie<\/span><\/a><\/span><\/p>\n<\/td>\n<\/tr>\n<\/tbody>\n<\/table>\n<p>&nbsp;<\/p>\n<p><b><\/b><span class=\"s2\"><b>3. Deaktivierung oder L\u00f6schung von Cookies<\/b><\/span><\/p>\n<p class=\"p3\">Wenn der Nutzer sich entscheidet, Cookies abzulehnen, kann es sein, dass nicht alle Funktionen der Website uneingeschr\u00e4nkt genutzt werden k\u00f6nnen.<\/p>\n<p data-start=\"149\" data-end=\"529\">Es ist m\u00f6glich, Cookies zu blockieren, indem den Anweisungen des Browsers gefolgt wird (in der Regel zu finden unter den Men\u00fcs <strong data-start=\"276\" data-end=\"287\">\u201eHilfe\u201c<\/strong>, <strong data-start=\"289\" data-end=\"301\">\u201eExtras\u201c<\/strong> oder <strong data-start=\"307\" data-end=\"326\">\u201eEinstellungen\u201c<\/strong>). Die Deaktivierung eines einzelnen Cookies oder einer Cookie-Kategorie entfernt diese nicht automatisch aus dem Browser. Daher muss die L\u00f6schung direkt in den Browsereinstellungen vorgenommen werden.<\/p>\n<p data-start=\"531\" data-end=\"756\">Um Cookies auf Ihrem Computer zu l\u00f6schen, zu deaktivieren oder wiederherzustellen, k\u00f6nnen Sie entweder die Cookie-Einstellungen der jeweiligen Drittanbieter nutzen oder die entsprechenden Optionen in Ihrem Browser aufrufen.<\/p>\n<p data-start=\"758\" data-end=\"871\" data-is-last-node=\"\">Nachfolgend finden Sie eine Liste mit Links zu Anleitungen zur Verwaltung von Cookies in den g\u00e4ngigsten Browsern:<\/p>\n<ul>\n<li class=\"p3\"><span class=\"s8\"><a href=\"https:\/\/support.google.com\/chrome\/answer\/95647?hl=it\">Google Chrome<\/a><\/span><\/li>\n<li class=\"p3\"><a href=\"https:\/\/support.mozilla.org\/it\/kb\/Attivare%2520e%2520disattivare%2520i%2520cookie\"><span class=\"s8\">Mozilla Firefox<\/span><\/a><\/li>\n<li class=\"p3\"><a href=\"https:\/\/support.microsoft.com\/it-it\/help\/4027947\/windows-delete-cookies\"><span class=\"s8\">Microsoft Edge<\/span><\/a><\/li>\n<li class=\"p3\"><a href=\"https:\/\/support.microsoft.com\/it-it\/help\/17442\/windows-internet-explorer-delete-manage-cookies\"><span class=\"s8\">Microsoft Internet Explorer<\/span><\/a><\/li>\n<li class=\"p3\"><a href=\"http:\/\/help.opera.com\/Windows\/10.00\/it\/cookies.html\"><span class=\"s8\">Opera<\/span><\/a><\/li>\n<li class=\"p3\"><a href=\"https:\/\/support.apple.com\/it-it\/HT201265\"><span class=\"s8\">Apple Safari<\/span><\/a><\/li>\n<\/ul>\n<p class=\"p3\"><span class=\"s2\">Wenn Sie ein <strong data-start=\"13\" data-end=\"30\">mobiles Ger\u00e4t<\/strong> verwenden, konsultieren Sie bitte die Anweisungen des jeweiligen <strong data-start=\"96\" data-end=\"121\">integrierten Browsers<\/strong>, um zu erfahren, wie Sie Cookies verwalten k\u00f6nnen.<\/span><\/p>\n<p>&nbsp;<\/p>\n<p><b><\/b><span class=\"s2\"><b>4. Bereits gesetzte Cookies<\/b><\/span><\/p>\n<p class=\"p3\">Wenn der Nutzer ein oder mehrere Cookies deaktiviert hat, k\u00f6nnen wir dennoch die vor der Deaktivierung gesammelten Informationen nutzen. Ab dem Zeitpunkt der Deaktivierung werden jedoch keine weiteren Daten mehr \u00fcber die deaktivierten Cookies erfasst oder verwendet.<\/p>\n<p data-start=\"270\" data-end=\"307\" data-is-last-node=\"\"><strong data-start=\"270\" data-end=\"307\" data-is-last-node=\"\">Letzte Aktualisierung: 07.01.2019<\/strong><\/p>\n","protected":false},"excerpt":{"rendered":"<p>COOKIE-RICHTLINIE Diese Website, im Eigentum von Comandulli Costruzioni Meccaniche S.r.l., die gem\u00e4\u00df der EU-Verordnung 2016\/679 (General Data Protection Regulation \u2013 [&hellip;]<\/p>\n","protected":false},"author":1,"featured_media":364,"parent":1477,"menu_order":0,"comment_status":"closed","ping_status":"closed","template":"","meta":{"_acf_changed":false,"footnotes":""},"class_list":["post-1487","page","type-page","status-publish","has-post-thumbnail","hentry"],"acf":[],"_links":{"self":[{"href":"https:\/\/comandulli.it\/de\/wp-json\/wp\/v2\/pages\/1487","targetHints":{"allow":["GET"]}}],"collection":[{"href":"https:\/\/comandulli.it\/de\/wp-json\/wp\/v2\/pages"}],"about":[{"href":"https:\/\/comandulli.it\/de\/wp-json\/wp\/v2\/types\/page"}],"author":[{"embeddable":true,"href":"https:\/\/comandulli.it\/de\/wp-json\/wp\/v2\/users\/1"}],"replies":[{"embeddable":true,"href":"https:\/\/comandulli.it\/de\/wp-json\/wp\/v2\/comments?post=1487"}],"version-history":[{"count":3,"href":"https:\/\/comandulli.it\/de\/wp-json\/wp\/v2\/pages\/1487\/revisions"}],"predecessor-version":[{"id":6168,"href":"https:\/\/comandulli.it\/de\/wp-json\/wp\/v2\/pages\/1487\/revisions\/6168"}],"up":[{"embeddable":true,"href":"https:\/\/comandulli.it\/de\/wp-json\/wp\/v2\/pages\/1477"}],"wp:featuredmedia":[{"embeddable":true,"href":"https:\/\/comandulli.it\/de\/wp-json\/wp\/v2\/media\/364"}],"wp:attachment":[{"href":"https:\/\/comandulli.it\/de\/wp-json\/wp\/v2\/media?parent=1487"}],"curies":[{"name":"wp","href":"https:\/\/api.w.org\/{rel}","templated":true}]}}