{"id":3710,"date":"2023-05-30T17:18:50","date_gmt":"2023-05-30T15:18:50","guid":{"rendered":"https:\/\/comandulli.it\/case-history\/"},"modified":"2025-02-15T16:10:17","modified_gmt":"2025-02-15T15:10:17","slug":"case-history","status":"publish","type":"page","link":"https:\/\/comandulli.it\/de\/case-history\/","title":{"rendered":"Erfolgsstory"},"content":{"rendered":"<p>Was uns wirklich gl\u00fccklich macht, ist unsere Kunden zufrieden zu sehen: das ist unser letztendliches Ziel. Zu wissen, dass unsere Maschinen gesch\u00e4tzt werden, macht uns sehr stolz und belohnt uns f\u00fcr die Leidenschaft und Energie, die wir tagt\u00e4glich in unsere Arbeit einflie\u00dfen lassen. Mit einigen der Unternehmen, denen unser Dank gilt, verbindet uns eine seit langer Zeit bestehende Beziehung der Wertsch\u00e4tzung und des Vertrauens.<\/p>\n","protected":false},"excerpt":{"rendered":"<p>Was uns wirklich gl\u00fccklich macht, ist unsere Kunden zufrieden zu sehen: das ist unser letztendliches Ziel. Zu wissen, dass unsere [&hellip;]<\/p>\n","protected":false},"author":1,"featured_media":0,"parent":0,"menu_order":0,"comment_status":"closed","ping_status":"closed","template":"page-casehistory.php","meta":{"_acf_changed":false,"footnotes":""},"class_list":["post-3710","page","type-page","status-publish","hentry"],"acf":[],"_links":{"self":[{"href":"https:\/\/comandulli.it\/de\/wp-json\/wp\/v2\/pages\/3710","targetHints":{"allow":["GET"]}}],"collection":[{"href":"https:\/\/comandulli.it\/de\/wp-json\/wp\/v2\/pages"}],"about":[{"href":"https:\/\/comandulli.it\/de\/wp-json\/wp\/v2\/types\/page"}],"author":[{"embeddable":true,"href":"https:\/\/comandulli.it\/de\/wp-json\/wp\/v2\/users\/1"}],"replies":[{"embeddable":true,"href":"https:\/\/comandulli.it\/de\/wp-json\/wp\/v2\/comments?post=3710"}],"version-history":[{"count":9,"href":"https:\/\/comandulli.it\/de\/wp-json\/wp\/v2\/pages\/3710\/revisions"}],"predecessor-version":[{"id":6155,"href":"https:\/\/comandulli.it\/de\/wp-json\/wp\/v2\/pages\/3710\/revisions\/6155"}],"wp:attachment":[{"href":"https:\/\/comandulli.it\/de\/wp-json\/wp\/v2\/media?parent=3710"}],"curies":[{"name":"wp","href":"https:\/\/api.w.org\/{rel}","templated":true}]}}