{"id":1480,"date":"2021-02-20T11:24:35","date_gmt":"2021-02-20T10:24:35","guid":{"rendered":"https:\/\/comandulli.it\/privacy-policy\/condizioni-duso-del-sito-web\/"},"modified":"2021-03-25T12:26:46","modified_gmt":"2021-03-25T11:26:46","slug":"condizioni-duso-del-sito-web","status":"publish","type":"page","link":"https:\/\/comandulli.it\/en\/privacy-policy\/condizioni-duso-del-sito-web\/","title":{"rendered":"Condizioni d&#8217;uso del sito web"},"content":{"rendered":"<p class=\"p1\"><span class=\"s1\"><b>AVVERTENZE<\/b><\/span><\/p>\n<p class=\"p1\"><span class=\"s1\">Chiunque contatti questo sito (da qui in avanti denominato \u201cSito\u201d) accetta le regole, i termini e le condizioni qui riportate (da qui in avanti denominate \u201cRegole\u201d) e quelle indicate nelle altre pagine del Sito. Qualora queste condizioni non fossero da Voi accettate siete pregati di abbandonare il Sito. Chiunque acceder\u00e0 alle altre pagine del Sito manifester\u00e0, nei fatti, l\u2019accettazione delle Regole. Comandulli costruzioni meccaniche s.r.l. \u00e8 libera di modificare, in qualsiasi momento ed in qualsiasi modo le Regole senza che sia tenuta a renderne conto a chicchessia.<\/span><\/p>\n<p class=\"p1\"><span class=\"s1\"><b>SCOPO DEL SITO<\/b><\/span><\/p>\n<p class=\"p1\"><span class=\"s1\">Scopo del Sito \u00e8 solamente l\u2019illustrazione, la diffusione, la pubblicit\u00e0 e l\u2019informazione relativa ai prodotti ed ai servizi Comandulli costruzioni meccaniche s.r.l. (da qui in avanti le \u201cInformazioni\u201d). Nessuna delle Informazioni riportate sul Sito pu\u00f2 essere considerata, salvo ove specificatamente affermato, promessa al pubblico o comunque essere considerata impegnativa per qualsiasi trattativa o relazione negoziale o commerciale. Ogni Informazione riportata nel Sito \u00e8 da ritenersi puramente indicativa e non impegna a nessun titolo n\u00e9 Comandulli costruzioni meccaniche s.r.l., n\u00e9 i gestori del Sito, n\u00e9 gli altri soggetti terzi che dal Sito, tramite link, sono richiamati.<\/span><\/p>\n<p class=\"p1\"><span class=\"s1\"><b>UTILIZZO DI MARCHI, IMMAGINI, FOTO, DISEGNI, SUONI, FILMATI, SOFTWARE<\/b><\/span><\/p>\n<p class=\"p1\"><span class=\"s1\">Salvo diversa e specifica indicazione, ogni marchio, logo, immagine, disegno, suono, musica, filmato, software o altro presente nel Sito (da qui in avanti gli \u201cOggetti\u201d) \u00e8 coperto dai relativi diritti che ne tutelano la propriet\u00e0 quali, a titolo indicativo e non esaustivo, diritto di marchio, diritto brevetto, diritto d\u2019autore ecc. Tali diritti sono tutti legittimamente detenuti da Comandulli costruzioni meccaniche s.r.l. o da Comandulli costruzioni meccaniche s.r.l. avuti in concessione dai legittimi proprietari.<\/span><\/p>\n<p class=\"p1\"><span class=\"s1\">\u00c8 pertanto vietato, salvo che per i fini strettamente personali, qualsiasi uso (copia, copia anche parziale, hardcopy) degli Oggetti. Per uso a fini strettamente personali si intende l\u2019archiviazione sul proprio personal computer o la stampa degli Oggetti finalizzato alla conservazione di documentazione ad uso personale.<\/span><\/p>\n<p class=\"p1\"><span class=\"s1\">Sono pertanto da considerarsi ad uso non strettamente personale \u2013 e come tali illegittime \u2013 la distribuzione e la trasmissione \u2013 intendendosi con questa anche la messa disposizione su altri siti \u2013 degli Oggetti a terzi, la loro modifica, la ripubblicazione, il riutilizzo attraverso l\u2019inserimento in altri documenti o file, nonch\u00e9 qualsiasi tipo di rielaborazione.<\/span><\/p>\n<p class=\"p1\"><span class=\"s1\">Comandulli costruzioni meccaniche s.r.l. non \u00e8 in alcun modo responsabile ne potr\u00e0 essere chiamata a rispondere delle violazioni dei diritti che i titolari degli Oggetti dati in concessione a Comandulli costruzioni meccaniche s.r.l. possano contestare agli utenti del Sito che, in un qualche modo, abbiano violato tali diritti. La responsabilit\u00e0 di dette violazioni \u00e8 e resta dell\u2019utente del Sito che l\u2019ha commessa.<\/span><\/p>\n<p class=\"p1\"><span class=\"s1\"><b>DANNI CONSEGUENTI A CONNESSIONI<\/b><\/span><\/p>\n<p class=\"p1\"><span class=\"s1\">Comandulli costruzioni meccaniche s.r.l. non \u00e8 in alcun modo responsabile per i danni conseguenti all\u2019accesso al Sito ed all\u2019utilizzo o al download degli Oggetti ivi presenti, siano detti danni conseguenti a difetti, errori o altro o siano essi conseguenti all\u2019incapacit\u00e0 dell\u2019utilizzo del materiale incluso nel Sito.<\/span><\/p>\n<p class=\"p1\"><span class=\"s1\"><b>LINK<\/b><\/span><\/p>\n<p class=\"p1\"><span class=\"s1\">Comandulli costruzioni meccaniche s.r.l. non \u00e8 responsabile del contenuto dei siti collegati, tramite link, al Sito Comandulli costruzioni meccaniche s.r.l. n\u00e9 del contenuto dei siti non Comandulli costruzioni meccaniche s.r.l. a cui il Sito, tramite link, rinvia.<\/span><\/p>\n<p class=\"p1\"><span class=\"s1\"><b>VERIDICIT\u00c0, OBBLIGATORIET\u00c0 ED ESAUSTIVIT\u00c0 DELLE INFORMAZIONI, DELLE OFFERTE E DEI SERVIZI ILLUSTRATI NEL SITO \u2013 TERRITORIALIT\u00c0 DELLE INFORMAZIONI \u2013 ESCLUSIONE DI RESPONSABILIT\u00c0<\/b><\/span><\/p>\n<p class=\"p1\"><span class=\"s1\">Essendo le Informazioni puramente indicative \u00e8 esclusa ogni garanzia circa l\u2019esattezza e la completezza delle stesse.<\/span><\/p>\n<p class=\"p1\"><span class=\"s1\">\u00c8 parimenti escluso che qualsiasi Informazione riportata nel Sito possa in alcun modo impegnare, per qualsiasi ragione, Comandulli costruzioni meccaniche s.r.l. o gli altri soggetti indicati o rinviati, tramite link, dal Sito.<\/span><\/p>\n<p class=\"p1\"><span class=\"s1\">In particolare \u00e8 escluso che le Informazioni riportate sul Sito siano valide in tutti i Paesi da cui \u00e8 possibile contattare il Sito. Ogni utente che desideri puntuali e dettagliate Informazioni dovr\u00e0 contattare le strutture Comandulli costruzioni meccaniche s.r.l. presenti nel suo Paese.<\/span><\/p>\n<p class=\"p1\"><span class=\"s1\">\u00c8 altres\u00ec possibile che le Informazioni riportate sul Sito possano essere arbitrariamente modificate da Comandulli costruzioni meccaniche s.r.l. in qualsiasi momento e per qualsiasi ragione senza che quanto affermato, sia prima che dopo le modifiche, impegni in alcun modo Comandulli costruzioni meccaniche s.r.l..<\/span><\/p>\n<p class=\"p1\"><span class=\"s1\"><b>LEGGE APPLICABILE- FORO COMPETENTE<\/b><\/span><\/p>\n<p class=\"p1\"><span class=\"s1\">Come gi\u00e0 indicato nelle avvertenze, l\u2019accesso al Sito comporta l\u2019integrale accettazione delle regole enunciate nel Sito stesso. Ci\u00f2 premesso, l\u2019utente che accede al Sito accetta che la legislazione applicabile per dirimere qualsiasi problema derivante dall\u2019accesso al Sito, o per le Informazioni o gli Oggetti presenti nel Sito, sia la legge italiana. Parimenti, l\u2019utente accetta che il foro esclusivamente competente per i problemi sopra indicati sia il Foro di Cremona.<\/span><\/p>\n<p class=\"p3\"><span class=\"s1\"><i>Ultimo aggiornamento: <\/i><\/span><span class=\"s2\"><i>07\/01\/2019<\/i><\/span><\/p>\n","protected":false},"excerpt":{"rendered":"<p>AVVERTENZE Chiunque contatti questo sito (da qui in avanti denominato \u201cSito\u201d) accetta le regole, i termini e le condizioni qui [&hellip;]<\/p>\n","protected":false},"author":1,"featured_media":363,"parent":1476,"menu_order":0,"comment_status":"closed","ping_status":"closed","template":"","meta":{"_acf_changed":false,"footnotes":""},"class_list":["post-1480","page","type-page","status-publish","has-post-thumbnail","hentry"],"acf":[],"_links":{"self":[{"href":"https:\/\/comandulli.it\/en\/wp-json\/wp\/v2\/pages\/1480","targetHints":{"allow":["GET"]}}],"collection":[{"href":"https:\/\/comandulli.it\/en\/wp-json\/wp\/v2\/pages"}],"about":[{"href":"https:\/\/comandulli.it\/en\/wp-json\/wp\/v2\/types\/page"}],"author":[{"embeddable":true,"href":"https:\/\/comandulli.it\/en\/wp-json\/wp\/v2\/users\/1"}],"replies":[{"embeddable":true,"href":"https:\/\/comandulli.it\/en\/wp-json\/wp\/v2\/comments?post=1480"}],"version-history":[{"count":1,"href":"https:\/\/comandulli.it\/en\/wp-json\/wp\/v2\/pages\/1480\/revisions"}],"predecessor-version":[{"id":1482,"href":"https:\/\/comandulli.it\/en\/wp-json\/wp\/v2\/pages\/1480\/revisions\/1482"}],"up":[{"embeddable":true,"href":"https:\/\/comandulli.it\/en\/wp-json\/wp\/v2\/pages\/1476"}],"wp:featuredmedia":[{"embeddable":true,"href":"https:\/\/comandulli.it\/en\/wp-json\/wp\/v2\/media\/363"}],"wp:attachment":[{"href":"https:\/\/comandulli.it\/en\/wp-json\/wp\/v2\/media?parent=1480"}],"curies":[{"name":"wp","href":"https:\/\/api.w.org\/{rel}","templated":true}]}}