{"id":1484,"date":"2021-02-20T11:24:19","date_gmt":"2021-02-20T10:24:19","guid":{"rendered":"https:\/\/comandulli.it\/privacy-policy\/informativa-clienti\/"},"modified":"2021-02-20T11:24:19","modified_gmt":"2021-02-20T10:24:19","slug":"informativa-clienti","status":"publish","type":"page","link":"https:\/\/comandulli.it\/en\/privacy-policy\/informativa-clienti\/","title":{"rendered":"Informativa clienti"},"content":{"rendered":"<p><b><\/b><span class=\"s1\"><b>1. Titolare del trattamento<\/b><\/span><\/p>\n<p class=\"p5\"><span class=\"s1\"><b>Comandulli Costruzioni Meccaniche S.r.l. <\/b> con sede legale in via Medaglie d\u2019argento, 20, 26012 Castelleone (CR), C.F. e P.I. 00687840199, di seguito indicata come \u201c<b>Titolare<\/b>\u201d, garantisce il rispetto della disciplina in materia di protezione dei dati personali fornendo le seguenti informazioni circa il trattamento dei dati ai sensi dell\u2019art. 13, Regolamento UE 2016\/679 (General Data Protection Regulation \u2013 GDPR) e successive modifiche.<\/span><\/p>\n<p>&nbsp;<\/p>\n<p><b><\/b><span class=\"s1\"><b>2. Dati trattati, finalit\u00e0 e basi giuridiche del trattamento<\/b><\/span><\/p>\n<p class=\"p5\"><span class=\"s1\">I dati personali sono raccolti e trattati per le seguenti finalit\u00e0:<\/span><\/p>\n<p style=\"padding-left: 30px;\"><span class=\"s1\">a) per lo svolgimento delle attivit\u00e0 di relazione con il cliente in base agli accordi contrattuali e\/o pre-contrattuali;<br \/>\n<\/span><span class=\"s1\">b) per finalit\u00e0 amministrative e per l\u2019adempimento di obblighi di legge quali ad esempio quelli di natura contabile, fiscale, o per dar corso a richieste dell\u2019autorit\u00e0 giudiziaria;<br \/>\n<\/span><span class=\"s1\">c) in presenza di specifico consenso, per l\u2019invio periodico, posta cartacea, telefono, e-mail, sms o app di messaggistica di comunicazioni inerenti aggiornamenti sulle nostre attivit\u00e0 e informative di sviluppo prodotti, inviti ad eventi, fiere, corsi di formazione, webinar, promozioni speciali ed elenco macchine usate e l\u2019invito a partecipare a analisi e ricerche di mercato;<br \/>\n<\/span><span class=\"s1\">d) per l\u2019invio occasionale di mail relative a prodotti e\/o servizi gi\u00e0 forniti o assimilabili ad essi (c.d. \u201csoft-spam\u201d).<\/span><\/p>\n<p class=\"p5\"><span class=\"s1\">La base giuridica che legittima il trattamento \u00e8 l\u2019esecuzione di un contratto di cui l\u2019interessato \u00e8 parte o l\u2019esecuzione di misure precontrattuali adottate su richiesta dello stesso. Nei casi espressamente indicati la base giuridica \u00e8 il consenso liberamente fornito dall\u2019interessato.<\/span><\/p>\n<p>&nbsp;<\/p>\n<p><b><\/b><span class=\"s1\"><b>3. Natura del conferimento<\/b><\/span><\/p>\n<p class=\"p5\"><span class=\"s1\">Il conferimento dei dati:<\/span><\/p>\n<ul>\n<li><span class=\"s1\">rispetto alle finalit\u00e0 di cui al punto 2 lett. a) e b) \u00e8 facoltativo ma l\u2019eventuale rifiuto comporter\u00e0 l\u2019impossibilit\u00e0 per il Titolare di dar corso agli impegni contrattuali assunti;<\/span><\/li>\n<li>rispetto alle finalit\u00e0 di cui al punto 2 lett. c) \u00e8 anche esso facoltativo e il loro utilizzo \u00e8 condizionato al rilascio di un esplicito consenso. L\u2019eventuale rifiuto comporter\u00e0 l\u2019impossibilit\u00e0 per il Titolare di inviare newsletter e materiale pubblicitario o inviti a eventi e iniziative del Titolare stesso;<\/li>\n<li>rispetto alle finalit\u00e0 di cui al punto 2 lett. d) \u00e8 facoltativo ma l\u2019eventuale rifiuto comporter\u00e0 l\u2019impossibilit\u00e0 di inviare occasionali mail relative a prodotti e\/o servizi gi\u00e0 forniti o assimilabili ad essi (c.d. \u201csoft-spam\u201d).<\/li>\n<\/ul>\n<p>&nbsp;<\/p>\n<p><b><\/b><span class=\"s1\"><b>4. Luoghi e modalit\u00e0 di trattamento e tempi di conservazione dei dati<\/b><\/span><\/p>\n<p class=\"p5\"><span class=\"s1\">I dati raccolti dal sito sono trattati presso la sede del Titolare del Trattamento.<\/span><\/p>\n<p class=\"p5\"><span class=\"s1\">I dati raccolti saranno trattati mediante strumenti elettronici o comunque automatizzati, informatici e telematici, o mediante elaborazioni manuali con logiche strettamente correlate alle finalit\u00e0 per le quali i dati personali sono stati raccolti e, comunque, in modo da garantire in ogni caso la sicurezza dei medesimi.<\/span><\/p>\n<p class=\"p5\"><span class=\"s1\">I dati vengono conservati per il tempo strettamente necessario alla gestione delle finalit\u00e0 per le quali i dati stessi sono trattati (\u201cprincipio di limitazione della conservazione\u201d, art.5, Regolamento UE 2016\/679) o nel rispetto delle scadenze previste dalle norme vigenti e degli obblighi di legge.<\/span><\/p>\n<p class=\"p5\"><span class=\"s1\">La verifica sulla obsolescenza dei dati conservati in relazione alle finalit\u00e0 per cui sono stati raccolti viene effettuata periodicamente.<\/span><\/p>\n<p class=\"p5\"><span class=\"s1\">In ogni caso il Titolare pratica regole che impediscono la conservazione dei dati a tempo indeterminato e limita quindi il tempo di conservazione nel rispetto del principio di minimizzazione del trattamento dei dati.<\/span><\/p>\n<p>&nbsp;<\/p>\n<p><b><\/b><span class=\"s1\"><b>5. Soggetti autorizzati al trattamento, responsabili e comunicazione dei dati <\/b><\/span><\/p>\n<p class=\"p5\"><span class=\"s1\">Il trattamento dei dati raccolti \u00e8 effettuato da personale interno del Titolare a tal fine individuato e autorizzato del trattamento secondo specifiche istruzioni impartite nel rispetto della normativa vigente.<\/span><\/p>\n<p class=\"p5\"><span class=\"s1\">I dati raccolti, nei limiti pertinenti alle finalit\u00e0 di trattamento indicate e qualora sia necessario o strumentale per l\u2019esecuzione delle finalit\u00e0 stesse, potranno essere trattati da terzi nominati Responsabili esterni del trattamento, ovvero, a seconda dei casi, comunicati a tutti i soggetti necessari per il corretto espletamento delle finalit\u00e0 esposte al punto 2.<\/span><\/p>\n<p class=\"p5\"><span class=\"s1\">I dati rilevati potranno essere forniti in caso di legittima richiesta, nei soli casi previsti dalla legge, da parte dell\u2019Autorit\u00e0 Giudiziaria.<\/span><\/p>\n<p class=\"p7\"><span class=\"s1\">In nessun caso e per nessun motivo i Suoi dati saranno in alcun modo oggetto di diffusione.<\/span><\/p>\n<p class=\"p7\"><span class=\"s1\">I Responsabili e gli Incaricati del trattamento in carica sono puntualmente individuati nel Documento sulla Privacy, aggiornato con cadenza periodica.<\/span><\/p>\n<p>&nbsp;<\/p>\n<p><b><\/b><span class=\"s1\"><b>6. Trasferimento dati in paesi extra UE<\/b><\/span><\/p>\n<p class=\"p5\"><span class=\"s1\">I dati raccolti non saranno oggetto di trasferimento al di fuori dell\u2019Unione Europea.<\/span><\/p>\n<p>&nbsp;<\/p>\n<p><b><\/b><span class=\"s1\"><b>7. Diritti dell\u2019interessato<\/b><\/span><\/p>\n<p class=\"p5\"><span class=\"s1\">L\u2019interessato ha sempre diritto a richiedere al Titolare l\u2019accesso ai Suoi dati, la rettifica o la cancellazione degli stessi, la limitazione del trattamento o la possibilit\u00e0 di opporsi al trattamento, di richiedere la portabilit\u00e0 dei dati, di revocare il consenso al trattamento facendo valere questi e gli altri diritti previsti dal Regolamento UE 2016\/679 (General Data Protection Regulation \u2013 GDPR) inviando un\u2019e-mail all\u2019indirizzo <\/span><a href=\"mailto:info@comandulli.it\"><span class=\"s4\">info@comandulli.it<\/span><\/a><span class=\"s1\">.<\/span><\/p>\n<p class=\"p5\"><span class=\"s1\">L\u2018interessato pu\u00f2 proporre reclamo anche a un\u2019autorit\u00e0 di controllo.<\/span><\/p>\n<p class=\"p5\"><span class=\"s1\"><i>Ultimo aggiornamento: <\/i><\/span><span class=\"s4\"><i>07\/01\/2019<\/i><\/span><\/p>\n","protected":false},"excerpt":{"rendered":"<p>1. Titolare del trattamento Comandulli Costruzioni Meccaniche S.r.l. con sede legale in via Medaglie d\u2019argento, 20, 26012 Castelleone (CR), C.F. [&hellip;]<\/p>\n","protected":false},"author":1,"featured_media":363,"parent":1476,"menu_order":0,"comment_status":"closed","ping_status":"closed","template":"","meta":{"_acf_changed":false,"footnotes":""},"class_list":["post-1484","page","type-page","status-publish","has-post-thumbnail","hentry"],"acf":[],"_links":{"self":[{"href":"https:\/\/comandulli.it\/en\/wp-json\/wp\/v2\/pages\/1484","targetHints":{"allow":["GET"]}}],"collection":[{"href":"https:\/\/comandulli.it\/en\/wp-json\/wp\/v2\/pages"}],"about":[{"href":"https:\/\/comandulli.it\/en\/wp-json\/wp\/v2\/types\/page"}],"author":[{"embeddable":true,"href":"https:\/\/comandulli.it\/en\/wp-json\/wp\/v2\/users\/1"}],"replies":[{"embeddable":true,"href":"https:\/\/comandulli.it\/en\/wp-json\/wp\/v2\/comments?post=1484"}],"version-history":[{"count":0,"href":"https:\/\/comandulli.it\/en\/wp-json\/wp\/v2\/pages\/1484\/revisions"}],"up":[{"embeddable":true,"href":"https:\/\/comandulli.it\/en\/wp-json\/wp\/v2\/pages\/1476"}],"wp:featuredmedia":[{"embeddable":true,"href":"https:\/\/comandulli.it\/en\/wp-json\/wp\/v2\/media\/363"}],"wp:attachment":[{"href":"https:\/\/comandulli.it\/en\/wp-json\/wp\/v2\/media?parent=1484"}],"curies":[{"name":"wp","href":"https:\/\/api.w.org\/{rel}","templated":true}]}}