{"id":1486,"date":"2021-02-20T11:24:01","date_gmt":"2021-02-20T10:24:01","guid":{"rendered":"https:\/\/comandulli.it\/privacy-policy\/informativa-cookies\/"},"modified":"2021-02-20T11:24:01","modified_gmt":"2021-02-20T10:24:01","slug":"informativa-cookies","status":"publish","type":"page","link":"https:\/\/comandulli.it\/en\/privacy-policy\/informativa-cookies\/","title":{"rendered":"Informativa cookies"},"content":{"rendered":"<p class=\"p3\"><span class=\"s2\">Il presente sito web, di propriet\u00e0 di <b>Comandulli costruzioni meccaniche s.r.l.<\/b>, definita quale Titolare del trattamento ai sensi e per gli effetti del <\/span><span class=\"s1\">Regolamento UE 2016\/679 (General Data Protection Regulation \u2013 GDPR<\/span><span class=\"s2\">), utilizza i cookies e tecnologie analoghe. La presente informativa fornisce indicazioni su come sono utilizzati i cookies e su come possono essere controllati dall\u2019utente.<\/span><\/p>\n<p class=\"p4\"><span class=\"s2\"><b>Utilizzando il sito il visitatore acconsente espressamente all&#8217;uso dei cookies<\/b><\/span> <span class=\"s2\"><b>conformemente alla presente informativa.<\/b><\/span><\/p>\n<p><b><\/b><span class=\"s2\"><b>1. Cosa sono i cookies<br \/>\n<\/b><\/span>I cookies sono informazioni salvate sul disco fisso del terminale dell\u2019utente e che sono inviate dal browser dell\u2019utente a un Web server e che si riferiscono all\u2019utilizzo della rete. Di conseguenza, permettono di conoscere i servizi, i siti frequentati e le opzioni che, navigando in rete, sono state manifestate. In altri termini, i cookies sono piccoli file, contenenti lettere e numeri, che vengono scaricati sul computer o dispositivo mobile dell\u2019utente quando si visita un sito web. I cookies vengono poi re-inviati al sito originario a ogni visita successiva, o a un altro sito web che riconosce questi cookies. I cookies sono utili poich\u00e9 consentono a un sito web di riconoscere il dispositivo dell\u2019utente.<br \/>\nQueste informazioni non sono, quindi, fornite spontaneamente e direttamente, ma lasciano traccia della navigazione in rete da parte dell&#8217;utente.<br \/>\nI cookies svolgono diverse funzioni e consentono di navigare tra le pagine in modo efficiente, ricordando le preferenze dell\u2019utente e, pi\u00f9 in generale, migliorando la sua esperienza. Possono anche contribuire a garantire che le pubblicit\u00e0 mostrate durante la navigazione siano di suo interesse e che le attivit\u00e0 di marketing realizzate siano conformi alle sue preferenze, evitando iniziative promozionali sgradite o non in linea con le esigenze dell\u2019utente.<br \/>\nDurante la navigazione su di un sito, l\u2019utente pu\u00f2 ricevere sul suo terminale anche cookies che sono inviati da siti o da web server diversi (c.d. \u201cterze parti\u201d), sui quali possono risiedere alcuni elementi (ad es. immagini, mappe, suoni, specifici link a pagine di altri domini) presenti sul sito che lo stesso sta visitando. Possono esserci, quindi, sotto questo profilo:<\/p>\n<p style=\"padding-left: 30px;\"><b>1. Cookies diretti<\/b>, inviati direttamente da un sito al dispositivo dell\u2019utente. Questo sito non usa cookie diretti di profilazione, ma soltanto cookie tecnici (vedi oltre).<br \/>\n<span class=\"s2\"><b>2. Cookies di terze parti<\/b>, provenienti da una terza parte ma inviati per nostro conto. Il presente sito usa i cookies di terze parti per agevolare l\u2019analisi del nostro sito web e del suo utilizzo (come descritto di seguito).<\/span><\/p>\n<p>Inoltre, in funzione della finalit\u00e0 di utilizzazione dei cookies, questi si possono distinguere in:<\/p>\n<p style=\"padding-left: 30px;\"><span class=\"s2\"><b>1. Cookies tecnici<\/b>: sono utilizzati per permettere la trasmissione di una comunicazione su una rete di comunicazione elettronica o per erogare un servizio espressamente richiesto dall\u2019utente. Non sono utilizzati per altre finalit\u00e0. Nella categoria dei cookies tecnici, la cui utilizzazione non richiede il consenso dell\u2019utente, si distinguono:<\/span><\/p>\n<p style=\"padding-left: 60px;\"><b>a. Cookies di navigazione o di sessione<\/b>: garantiscono la normale navigazione e fruizione del sito web (es.: per autenticarsi ed accedere alle aree riservate). L\u2019uso questi cookies (che non sono memorizzati in modo persistente sul dispositivo dell\u2019utente e sono automaticamente eliminati con la chiusura del browser) \u00e8 strettamente limitato alla trasmissione d\u2019identificativi di sessione (costituiti da numeri casuali generati dal server) necessari per consentire l\u2019esplorazione sicura ed efficiente del sito.<br \/>\n<span class=\"s2\"><b>b. Cookies analytics<\/b>: se sono utilizzati soltanto per raccogliere informazioni in forma aggregata, sul numero di utenti che visitano il sito e come lo visitano<br \/>\n<\/span><span class=\"s2\"><b>c. Cookies di funzionalit\u00e0<\/b>: permettono all\u2019utente di navigare in base a una serie di criteri selezionati (es.: lingua o servizi cui si \u00e8 aderito) per migliorare il servizio reso all\u2019utente.<\/span><\/p>\n<p style=\"padding-left: 30px;\"><span class=\"s2\"><b>2. Cookies di profilazione<\/b>: sono volti a creare profili relativi all\u2019utente e utilizzati per inviare messaggi promozionali mirati in funzione delle preferenze manifestate durante la sua navigazione in rete. Questi cookies sono utilizzabili per tali scopi soltanto con il consenso dell\u2019utente.<\/span><\/p>\n<p>&nbsp;<\/p>\n<p><b><\/b><span class=\"s2\"><b>2. Finalit\u00e0 di utilizzo dei cookies<\/b><\/span><\/p>\n<p class=\"p3\"><span class=\"s2\">La tabella seguente riassume il modo in cui questo sito e le terzi parti utilizzano i cookies. Questi usi comprendono il ricorso ai cookies per:<\/span><\/p>\n<ol>\n<li><span class=\"s2\">conoscere il numero totale di visitatori in modo continuativo oltre ai tipi di browser (ad es. Firefox, Safari o Internet Explorer) e sistemi operativi (ad es. Windows o Mac) utilizzati;<\/span><\/li>\n<li>monitorare le prestazioni del sito, incluso il modo in cui i visitatori lo utilizzano, nonch\u00e9 per migliorarne le funzionalit\u00e0.<\/li>\n<\/ol>\n<table class=\"t1\" cellspacing=\"0\" cellpadding=\"0\">\n<tbody>\n<tr>\n<td class=\"td1\" valign=\"middle\">\n<p class=\"p8\"><span class=\"s1\"><b>Tipo di cookie<\/b><\/span><\/p>\n<\/td>\n<td class=\"td2\" valign=\"middle\">\n<p class=\"p8\"><span class=\"s1\"><b>Finalit\u00e0 del cookie<\/b><\/span><\/p>\n<\/td>\n<td class=\"td1\" valign=\"middle\">\n<p class=\"p8\"><span class=\"s1\"><b>Origine<\/b><\/span><\/p>\n<\/td>\n<\/tr>\n<tr>\n<td class=\"td3\" valign=\"top\">\n<p class=\"p9\"><span class=\"s1\">Cookie essenziali del sito web (di sessione e di navigazione)<\/span><\/p>\n<\/td>\n<td class=\"td4\" valign=\"top\">\n<p class=\"p9\"><span class=\"s1\">Questi cookie sono essenziali per una corretta navigazione e per fruire delle funzioni del sito. Questi cookies non raccolgono informazioni personali utilizzabili a scopo di marketing, n\u00e9 memorizzano i siti visitati. L\u2019uso di questi cookies (che non sono memorizzati in modo persistente sul dispositivo dell\u2019utente e sono automaticamente eliminati con la chiusura del browser) \u00e8 strettamente limitato alla trasmissione d\u2019identificativi di sessione (costituiti da numeri casuali generati dal server) necessari per consentire l\u2019esplorazione sicura ed efficiente del sito. Questa categoria di cookies non pu\u00f2 essere disattivata.<\/span><\/p>\n<\/td>\n<td class=\"td3\" valign=\"top\">\n<p class=\"p9\"><span class=\"s1\">(cookie diretti)<\/span><\/p>\n<\/td>\n<\/tr>\n<tr>\n<td class=\"td5\" valign=\"top\">\n<p class=\"p9\"><span class=\"s1\">Cookie di funzionalit\u00e0 diretti<\/span><\/p>\n<\/td>\n<td class=\"td6\" valign=\"top\">\n<p class=\"p9\"><span class=\"s1\">Questi cookies ci consentono di ricordare le scelte effettuate (come il nome utente, la lingua o la posizione geografica) e forniscono funzioni migliorate e personalizzate. Le informazioni raccolte da tali cookies possono essere rese anonime e non tengono traccia dell\u2019attivit\u00e0 di navigazione su altri siti web. Questa categoria di cookies non pu\u00f2 essere disattivata.<\/span><\/p>\n<\/td>\n<td class=\"td5\" valign=\"top\">\n<p class=\"p9\"><span class=\"s1\">(cookie diretti)<\/span><\/p>\n<\/td>\n<\/tr>\n<tr>\n<td class=\"td7\" valign=\"top\">\n<p class=\"p9\"><span class=\"s1\">Cookie analytics<\/span><\/p>\n<\/td>\n<td class=\"td8\" valign=\"top\">\n<p class=\"p9\"><span class=\"s1\">Questi cookies, anche i cache cookies, sono impostati da Google Analytics e sono impiegati al fine di raccogliere informazioni sul modo in cui i visitatori utilizzano il sito, ivi compreso il numero di visitatori, i siti di provenienza e le pagine visitate sul nostro sito web. Utilizziamo queste informazioni per compilare rapporti e per migliorare il nostro sito web; questo ci consente, ad esempio, di conoscere eventuali errori rilevati dagli utenti e di assicurare loro una navigazione immediata, per trovare facilmente quello che cercano. In generale, questi cookie restano sul computer del visitatore fino a quando non vengono eliminati.<\/span><\/p>\n<\/td>\n<td class=\"td7\" valign=\"top\">\n<p class=\"p11\"><span class=\"s4\"><b>Google Analytics <\/b><a href=\"http:\/\/www.google.com\/intl\/it\/policies\/privacy\/\"><span class=\"s5\">privacy policy cookie<\/span><\/a><\/span><\/p>\n<\/td>\n<\/tr>\n<tr>\n<td class=\"td9\" valign=\"top\">\n<p class=\"p9\"><span class=\"s1\">Cookie di navigazione di terze parti<\/span><\/p>\n<\/td>\n<td class=\"td10\" valign=\"top\">\n<p class=\"p9\"><span class=\"s1\">Il sito utilizza:<\/span><\/p>\n<p class=\"p9\"><span class=\"s1\">DisplayDivasCookiesBanner: cookie \u201ctecnico\u201d persistente della durata di 30 giorni (ossia rimane sul Tuo computer o dispositivo mobile per un numero di 30 giorni) che registra la Tua accettazione all\u2019utilizzo dei cookie da parte del nostro sito.<\/span><\/p>\n<p class=\"p9\"><span class=\"s1\">icl_current_language: cookie \u201ctecnico\u201d di sessione (cio\u00e8 che viene automaticamente cancellato alla chiusura del browser) che consente di salvare la lingua di visualizzazione del sito.<\/span><\/p>\n<\/td>\n<td class=\"td9\" valign=\"top\"><\/td>\n<\/tr>\n<tr>\n<td class=\"td11\" valign=\"top\">\n<p class=\"p9\"><span class=\"s1\">Cookie di pubblicit\u00e0 di terze parti<\/span><\/p>\n<\/td>\n<td class=\"td12\" valign=\"top\">\n<p class=\"p9\"><span class=\"s1\">Allo stesso modo, Facebook, Twitter, LinkedIn, Google+ e Youtube possono utilizzare cookie utili per la condivisione di contenuti sui social network o per l&#8217;elaborazione di statistiche di accesso. Editoriale La Voce Societ\u00e0 Cooperativa non utilizza questi cookie per finalit\u00e0 di profilazione dell\u2019interessato.<\/span><\/p>\n<p class=\"p9\"><span class=\"s1\">Infine, le terze parti potrebbero utilizzare queste informazioni, abbinandole anche ad altre gi\u00e0 loro disponibili per fini diversi da quelli prettamente tecnici (funzionalit\u00e0 o sessione), previo consenso dell\u2019utente. Per saperne di pi\u00f9, accedi ai link di privacy policy delle singole terze parti e gestisci le tue opzioni seguendo i link presentati nella colonna a fianco e\/o imposta il tuo browser come nel seguito descritto.<\/span><\/p>\n<\/td>\n<td class=\"td11\" valign=\"top\">\n<p class=\"p11\"><span class=\"s4\"><b>Facebook<\/b>\u00a0<a href=\"https:\/\/it-it.facebook.com\/help\/cookies\/?ref=sitefooter\"><span class=\"s5\">privacy policy cookie<\/span><\/a> <\/span><\/p>\n<p class=\"p11\"><span class=\"s4\"><b>Twitter<\/b> <a href=\"https:\/\/support.twitter.com\/articles\/20170519-uso-dei-cookie-e-di-altre-tecnologie-simili-da-parte-di-twitter\"><span class=\"s5\">privacy policy cookie<\/span><\/a><\/span><\/p>\n<p class=\"p11\"><span class=\"s4\"><b>LinkedIn<\/b> <a href=\"https:\/\/www.linkedin.com\/legal\/cookie-policy\"><span class=\"s6\">privacy policy cookie<\/span><\/a><\/span><\/p>\n<p class=\"p11\"><span class=\"s4\"><b>Google+ <\/b><a href=\"https:\/\/www.google.com\/intl\/it\/policies\/technologies\/cookies\/\"><span class=\"s5\">privacy policy cookie<\/span><\/a><\/span><\/p>\n<p class=\"p11\"><span class=\"s4\"><b>Youtube <\/b><a href=\"https:\/\/www.google.it\/intl\/it\/policies\/privacy\/\"><span class=\"s5\">privacy policy cookie<\/span><\/a><\/span><\/p>\n<\/td>\n<\/tr>\n<\/tbody>\n<\/table>\n<p>&nbsp;<\/p>\n<p><b><\/b><span class=\"s2\"><b>3. Disabilitazione o eliminazione dei cookies<\/b><\/span><\/p>\n<p class=\"p3\"><span class=\"s2\">Scegliendo di rifiutare i cookies, l\u2019utente potrebbe non essere in grado di utilizzare tutte le funzionalit\u00e0 del sito.<\/span><\/p>\n<p class=\"p3\"><span class=\"s2\">\u00c8 possibile bloccare i cookie seguendo le istruzioni fornite dal browser (in genere si trovano nei menu \u201cAiuto\u201d, \u201cStrumenti o \u201cModifica\u201d). La disattivazione di un cookie o di una categoria di cookies non li elimina dal browser. Pertanto, tale operazione dovr\u00e0 essere effettuata direttamente nel browser.<\/span><\/p>\n<p class=\"p3\"><span class=\"s2\">Se si vogliono cancellare, disabilitare o ripristinare i cookie presenti sul tuo computer, \u00e8 possibile utilizzare le pagine di configurazione cookie messe a disposizione da eventuali fornitori di contenuti di terze parti, oppure tramite le opzioni del browser dell\u2019utente.<\/span><\/p>\n<p class=\"p3\"><span class=\"s2\">Di seguito riportiamo un elenco di link a istruzioni per gestire i cookie in relazione ai browser pi\u00f9 diffusi:<\/span><\/p>\n<ul>\n<li class=\"p3\"><span class=\"s8\"><a href=\"https:\/\/support.google.com\/chrome\/answer\/95647?hl=it\">Google Chrome<\/a><\/span><\/li>\n<li class=\"p3\"><a href=\"https:\/\/support.mozilla.org\/it\/kb\/Attivare%2520e%2520disattivare%2520i%2520cookie\"><span class=\"s8\">Mozilla Firefox<\/span><\/a><\/li>\n<li class=\"p3\"><a href=\"https:\/\/support.microsoft.com\/it-it\/help\/4027947\/windows-delete-cookies\"><span class=\"s8\">Microsoft Edge<\/span><\/a><\/li>\n<li class=\"p3\"><a href=\"https:\/\/support.microsoft.com\/it-it\/help\/17442\/windows-internet-explorer-delete-manage-cookies\"><span class=\"s8\">Microsoft Internet Explorer<\/span><\/a><\/li>\n<li class=\"p3\"><a href=\"http:\/\/help.opera.com\/Windows\/10.00\/it\/cookies.html\"><span class=\"s8\">Opera<\/span><\/a><\/li>\n<li class=\"p3\"><a href=\"https:\/\/support.apple.com\/it-it\/HT201265\"><span class=\"s8\">Apple Safari<\/span><\/a><\/li>\n<\/ul>\n<p class=\"p3\"><span class=\"s2\">Se si usa un dispositivo mobile, occorre fare riferimento alle istruzioni del relativo browser integrato per scoprire come gestire i cookie.<\/span><\/p>\n<p>&nbsp;<\/p>\n<p><b><\/b><span class=\"s2\"><b>4. Cookie impostati precedentemente<\/b><\/span><\/p>\n<p class=\"p3\"><span class=\"s2\">Se l\u2019utente ha disabilitato uno o pi\u00f9 cookies, saremmo comunque in grado di utilizzare le informazioni raccolte prima di tale disabilitazione effettuata mediante le preferenze. Tuttavia, a partire da tale momento, cesseremo di utilizzare i cookies disabilitati per raccogliere ulteriori informazioni.<\/span><\/p>\n<p class=\"p3\"><b> <\/b><span class=\"s1\"><i>Ultimo aggiornamento: 07\/01\/2019<\/i><\/span><\/p>\n","protected":false},"excerpt":{"rendered":"<p>Il presente sito web, di propriet\u00e0 di Comandulli costruzioni meccaniche s.r.l., definita quale Titolare del trattamento ai sensi e per [&hellip;]<\/p>\n","protected":false},"author":1,"featured_media":363,"parent":1476,"menu_order":0,"comment_status":"closed","ping_status":"closed","template":"","meta":{"_acf_changed":false,"footnotes":""},"class_list":["post-1486","page","type-page","status-publish","has-post-thumbnail","hentry"],"acf":[],"_links":{"self":[{"href":"https:\/\/comandulli.it\/en\/wp-json\/wp\/v2\/pages\/1486","targetHints":{"allow":["GET"]}}],"collection":[{"href":"https:\/\/comandulli.it\/en\/wp-json\/wp\/v2\/pages"}],"about":[{"href":"https:\/\/comandulli.it\/en\/wp-json\/wp\/v2\/types\/page"}],"author":[{"embeddable":true,"href":"https:\/\/comandulli.it\/en\/wp-json\/wp\/v2\/users\/1"}],"replies":[{"embeddable":true,"href":"https:\/\/comandulli.it\/en\/wp-json\/wp\/v2\/comments?post=1486"}],"version-history":[{"count":0,"href":"https:\/\/comandulli.it\/en\/wp-json\/wp\/v2\/pages\/1486\/revisions"}],"up":[{"embeddable":true,"href":"https:\/\/comandulli.it\/en\/wp-json\/wp\/v2\/pages\/1476"}],"wp:featuredmedia":[{"embeddable":true,"href":"https:\/\/comandulli.it\/en\/wp-json\/wp\/v2\/media\/363"}],"wp:attachment":[{"href":"https:\/\/comandulli.it\/en\/wp-json\/wp\/v2\/media?parent=1486"}],"curies":[{"name":"wp","href":"https:\/\/api.w.org\/{rel}","templated":true}]}}